{"id":10392,"date":"2024-11-03T13:02:40","date_gmt":"2024-11-03T09:02:40","guid":{"rendered":"https:\/\/eduonlinetrader.com\/?page_id=10392"},"modified":"2024-11-03T13:35:19","modified_gmt":"2024-11-03T09:35:19","slug":"registrace","status":"publish","type":"page","link":"https:\/\/eduonlinetrader.com\/cs\/registrace\/","title":{"rendered":"Registrace Partnera"},"content":{"rendered":"<div data-elementor-type=\"wp-page\" data-elementor-id=\"10392\" class=\"elementor elementor-10392\" data-elementor-settings=\"{&quot;ha_cmc_init_switcher&quot;:&quot;no&quot;}\" data-elementor-post-type=\"page\">\n\t\t\t\t<div class=\"elementor-element elementor-element-2d79c7f e-flex e-con-boxed wpr-particle-no wpr-jarallax-no wpr-parallax-no wpr-sticky-section-no e-con e-parent\" data-id=\"2d79c7f\" data-element_type=\"container\" data-settings=\"{&quot;background_background&quot;:&quot;classic&quot;,&quot;_ha_eqh_enable&quot;:false}\">\n\t\t\t\t\t<div class=\"e-con-inner\">\n\t\t\t\t<div class=\"elementor-element elementor-element-3fc643f elementor-widget elementor-widget-image\" data-id=\"3fc643f\" data-element_type=\"widget\" data-widget_type=\"image.default\">\n\t\t\t\t<div class=\"elementor-widget-container\">\n\t\t\t\t\t\t\t\t\t\t\t\t\t\t\t\t<a href=\"https:\/\/eduonlinetrader.com\/cs\/home\/\">\n\t\t\t\t\t\t\t<img fetchpriority=\"high\" decoding=\"async\" width=\"461\" height=\"153\" src=\"https:\/\/eduonlinetrader.com\/wp-content\/uploads\/2023\/05\/cropped-Add_a_heading__6_-removebg-preview-e1727119741540.png\" class=\"attachment-large size-large wp-image-2156\" alt=\"\" srcset=\"https:\/\/eduonlinetrader.com\/wp-content\/uploads\/2023\/05\/cropped-Add_a_heading__6_-removebg-preview-e1727119741540.png 461w, https:\/\/eduonlinetrader.com\/wp-content\/uploads\/2023\/05\/cropped-Add_a_heading__6_-removebg-preview-e1727119741540-300x100.png 300w, https:\/\/eduonlinetrader.com\/wp-content\/uploads\/2023\/05\/cropped-Add_a_heading__6_-removebg-preview-e1727119741540-18x6.png 18w\" sizes=\"(max-width: 461px) 100vw, 461px\" \/>\t\t\t\t\t\t\t\t<\/a>\n\t\t\t\t\t\t\t\t\t\t\t\t\t\t\t<\/div>\n\t\t\t\t<\/div>\n\t\t\t\t\t<\/div>\n\t\t\t\t<\/div>\n\t\t<div class=\"elementor-element elementor-element-0b4c363 e-flex e-con-boxed wpr-particle-no wpr-jarallax-no wpr-parallax-no wpr-sticky-section-no e-con e-parent\" data-id=\"0b4c363\" data-element_type=\"container\" data-settings=\"{&quot;_ha_eqh_enable&quot;:false}\">\n\t\t\t\t\t<div class=\"e-con-inner\">\n\t\t\t\t<div class=\"elementor-element elementor-element-0f9b85a elementor-widget elementor-widget-heading\" data-id=\"0f9b85a\" data-element_type=\"widget\" data-widget_type=\"heading.default\">\n\t\t\t\t<div class=\"elementor-widget-container\">\n\t\t\t\t\t<h3 class=\"elementor-heading-title elementor-size-default\">Registrace Partnera<\/h3>\t\t\t\t<\/div>\n\t\t\t\t<\/div>\n\t\t\t\t\t<\/div>\n\t\t\t\t<\/div>\n\t\t<div class=\"elementor-element elementor-element-d9dcf3c e-grid e-con-boxed wpr-particle-no wpr-jarallax-no wpr-parallax-no wpr-sticky-section-no e-con e-parent\" data-id=\"d9dcf3c\" data-element_type=\"container\" data-settings=\"{&quot;_ha_eqh_enable&quot;:false}\">\n\t\t\t\t\t<div class=\"e-con-inner\">\n\t\t\t\t<div class=\"elementor-element elementor-element-c8ab3e3 elementor-widget elementor-widget-text-editor\" data-id=\"c8ab3e3\" data-element_type=\"widget\" data-widget_type=\"text-editor.default\">\n\t\t\t\t<div class=\"elementor-widget-container\">\n\t\t\t\t\t\t\t\t\t<p><strong>D\u011bkujeme za v\u00e1\u0161 z\u00e1jem o n\u00e1\u0161 program pro spolupartnery!<\/strong><\/p><p>Pros\u00edm, postupujte podle t\u011bchto krok\u016f:<\/p><p>1. <strong>Odpov\u011bzte<\/strong> na ot\u00e1zky.<\/p><p>2. <strong>Vypl\u0148te<\/strong> registra\u010dn\u00ed formul\u00e1\u0159.<\/p><p>3. <strong>Ode\u0161lete<\/strong> formul\u00e1\u0159.<\/p><p>4. Po odesl\u00e1n\u00ed <strong>obdr\u017e\u00edte e-mail<\/strong> s podrobn\u00fdm vysv\u011btlen\u00edm na\u0161eho investi\u010dn\u00edho programu, video p\u0159ehledem a dal\u0161\u00edmi kroky na\u0161\u00ed spolupr\u00e1ce, v\u010detn\u011b podeps\u00e1n\u00ed smlouvy a dal\u0161\u00edch informac\u00ed.<\/p>\t\t\t\t\t\t\t\t<\/div>\n\t\t\t\t<\/div>\n\t\t\t\t<div class=\"elementor-element elementor-element-bd1d549 elementor-widget elementor-widget-wpforms\" data-id=\"bd1d549\" data-element_type=\"widget\" data-widget_type=\"wpforms.default\">\n\t\t\t\t<div class=\"elementor-widget-container\">\n\t\t\t\t\t<div class=\"wpforms-container\" id=\"wpforms-10401\"><form id=\"wpforms-form-10401\" class=\"wpforms-validate wpforms-form wpforms-ajax-form\" data-formid=\"10401\" method=\"post\" enctype=\"multipart\/form-data\" action=\"\/cs\/wp-json\/wp\/v2\/pages\/10392\" data-token=\"8e337ab5c69171e073e5b4ca018123ef\" data-token-time=\"1775896735\" data-trp-original-action=\"\/cs\/wp-json\/wp\/v2\/pages\/10392\"><noscript class=\"wpforms-error-noscript\">Chcete-li vyplnit tento formul\u00e1\u0159, pros\u00edm povolte v prohl\u00ed\u017ee\u010di JavaScript.<\/noscript><div class=\"wpforms-field-container\"><div id=\"wpforms-10401-field_30-container\" class=\"wpforms-field wpforms-field-divider\" data-field-id=\"30\"><h3 id=\"wpforms-10401-field_30\">Ot\u00e1zky<\/h3><\/div><div id=\"wpforms-10401-field_19-container\" class=\"wpforms-field wpforms-field-textarea\" data-field-id=\"19\"><label class=\"wpforms-field-label\" for=\"wpforms-10401-field_19\">Jak\u00fd je v\u00e1\u0161 minim\u00e1ln\u00ed c\u00edl m\u011bs\u00ed\u010dn\u00edho p\u0159\u00edjmu z proviz\u00ed? <span class=\"wpforms-required-label\">*<\/span><\/label><textarea id=\"wpforms-10401-field_19\" class=\"wpforms-field-small wpforms-field-required\" name=\"wpforms[fields][19]\" required><\/textarea><\/div><div id=\"wpforms-10401-field_20-container\" class=\"wpforms-field wpforms-field-textarea\" data-field-id=\"20\"><label class=\"wpforms-field-label\" for=\"wpforms-10401-field_20\">Na z\u00e1klad\u011b va\u0161eho c\u00edle, jakou \u010d\u00e1stku v\u011b\u0159\u00edte, \u017ee byste m\u011bl\/a p\u0159in\u00e9st spole\u010dnosti na opl\u00e1tku? <span class=\"wpforms-required-label\">*<\/span><\/label><textarea id=\"wpforms-10401-field_20\" class=\"wpforms-field-small wpforms-field-required\" name=\"wpforms[fields][20]\" required><\/textarea><\/div><div id=\"wpforms-10401-field_21-container\" class=\"wpforms-field wpforms-field-textarea\" data-field-id=\"21\"><label class=\"wpforms-field-label\" for=\"wpforms-10401-field_21\">Jste v sou\u010dasn\u00e9 dob\u011b zam\u011bstn\u00e1n\/a ve firm\u011b, nebo pracujete jako nez\u00e1visl\u00fd profesion\u00e1l? <span class=\"wpforms-required-label\">*<\/span><\/label><textarea id=\"wpforms-10401-field_21\" class=\"wpforms-field-small wpforms-field-required\" name=\"wpforms[fields][21]\" required><\/textarea><\/div><div id=\"wpforms-10401-field_22-container\" class=\"wpforms-field wpforms-field-textarea\" data-field-id=\"22\"><label class=\"wpforms-field-label\" for=\"wpforms-10401-field_22\">Kolik let pracujete v odv\u011btv\u00ed Forex a jak dlouho se specializujete na z\u00edsk\u00e1v\u00e1n\u00ed nov\u00fdch obchodn\u00edk\u016f, IB (introducing brokers), nebo roz\u0161i\u0159ov\u00e1n\u00ed sv\u00e9 s\u00edt\u011b? <span class=\"wpforms-required-label\">*<\/span><\/label><textarea id=\"wpforms-10401-field_22\" class=\"wpforms-field-small wpforms-field-required\" name=\"wpforms[fields][22]\" required><\/textarea><\/div><div id=\"wpforms-10401-field_23-container\" class=\"wpforms-field wpforms-field-textarea\" data-field-id=\"23\"><label class=\"wpforms-field-label\" for=\"wpforms-10401-field_23\">Pat\u0159\u00ed s\u00ed\u0165, kterou pou\u017e\u00edv\u00e1te, v\u00e1m osobn\u011b, nebo je sou\u010d\u00e1st\u00ed spole\u010dnosti, pro kterou aktu\u00e1ln\u011b pracujete? <span class=\"wpforms-required-label\">*<\/span><\/label><textarea id=\"wpforms-10401-field_23\" class=\"wpforms-field-small wpforms-field-required\" name=\"wpforms[fields][23]\" required><\/textarea><\/div><div id=\"wpforms-10401-field_24-container\" class=\"wpforms-field wpforms-field-textarea\" data-field-id=\"24\"><label class=\"wpforms-field-label\" for=\"wpforms-10401-field_24\">Nab\u00edz\u00edme speci\u00e1ln\u00ed investi\u010dn\u00ed program za 1 000 USD s c\u00edlem 10 000 USD. Kolik jednotek v\u011b\u0159\u00edte, \u017ee dok\u00e1\u017eete m\u011bs\u00ed\u010dn\u011b prodat, a\u0165 u\u017e d\u00edky sv\u00e9mu \u00fasil\u00ed nebo prost\u0159ednictv\u00edm va\u0161\u00ed s\u00edt\u011b? <span class=\"wpforms-required-label\">*<\/span><\/label><textarea id=\"wpforms-10401-field_24\" class=\"wpforms-field-small wpforms-field-required\" name=\"wpforms[fields][24]\" required><\/textarea><\/div><div id=\"wpforms-10401-field_25-container\" class=\"wpforms-field wpforms-field-textarea\" data-field-id=\"25\"><label class=\"wpforms-field-label\" for=\"wpforms-10401-field_25\">M\u011bl\/a byste z\u00e1jem z\u00edskat pracovn\u00ed v\u00edzum do Dubaje na z\u00e1klad\u011b smlouvy s p\u0159idan\u00fdm benefitem bankovnictv\u00ed bez dan\u00ed? <span class=\"wpforms-required-label\">*<\/span><\/label><textarea id=\"wpforms-10401-field_25\" class=\"wpforms-field-small wpforms-field-required\" name=\"wpforms[fields][25]\" required><\/textarea><\/div><div id=\"wpforms-10401-field_32-container\" class=\"wpforms-field wpforms-field-textarea\" data-field-id=\"32\"><label class=\"wpforms-field-label\" for=\"wpforms-10401-field_32\">Jak\u00fd je v\u00e1\u0161 realistick\u00fd m\u011bs\u00ed\u010dn\u00ed finan\u010dn\u00ed c\u00edl v bl\u00edzk\u00e9 budoucnosti z hlediska proviz\u00ed a jak\u00fd by byl v\u00e1\u0161 ide\u00e1ln\u00ed nebo vysn\u011bn\u00fd\u00a0m\u011bs\u00ed\u010dn\u00ed\u00a0p\u0159\u00edjem? <span class=\"wpforms-required-label\">*<\/span><\/label><textarea id=\"wpforms-10401-field_32\" class=\"wpforms-field-small wpforms-field-required\" name=\"wpforms[fields][32]\" required><\/textarea><\/div><div id=\"wpforms-10401-field_27-container\" class=\"wpforms-field wpforms-field-textarea\" data-field-id=\"27\"><label class=\"wpforms-field-label\" for=\"wpforms-10401-field_27\">Je n\u011bco dal\u0161\u00edho, co byste s n\u00e1mi r\u00e1d\/a probral\/a nebo si ujasnil\/a?<\/label><textarea id=\"wpforms-10401-field_27\" class=\"wpforms-field-small\" name=\"wpforms[fields][27]\" ><\/textarea><\/div><div id=\"wpforms-10401-field_31-container\" class=\"wpforms-field wpforms-field-divider\" data-field-id=\"31\"><h3 id=\"wpforms-10401-field_31\">Registra\u010dn\u00ed Formul\u00e1\u0159<\/h3><\/div><div id=\"wpforms-10401-field_28-container\" class=\"wpforms-field wpforms-field-name\" data-field-id=\"28\"><label class=\"wpforms-field-label\" for=\"wpforms-10401-field_28\">Jm\u00e9no <span class=\"wpforms-required-label\">*<\/span><\/label><div class=\"wpforms-field-row wpforms-field-large\"><div class=\"wpforms-field-row-block wpforms-first wpforms-one-half\"><input type=\"text\" id=\"wpforms-10401-field_28\" class=\"wpforms-field-name-first wpforms-field-required\" name=\"wpforms[fields][28][first]\" placeholder=\"K\u0159estn\u00ed jm\u00e9no\" required><label for=\"wpforms-10401-field_28\" class=\"wpforms-field-sublabel after wpforms-sublabel-hide\">K\u0159estn\u00ed jm\u00e9no<\/label><\/div><div class=\"wpforms-field-row-block wpforms-one-half\"><input type=\"text\" id=\"wpforms-10401-field_28-last\" class=\"wpforms-field-name-last wpforms-field-required\" name=\"wpforms[fields][28][last]\" placeholder=\"P\u0159\u00edjmen\u00ed\" required><label for=\"wpforms-10401-field_28-last\" class=\"wpforms-field-sublabel after wpforms-sublabel-hide\">P\u0159\u00edjmen\u00ed<\/label><\/div><\/div><\/div><div id=\"wpforms-10401-field_29-container\" class=\"wpforms-field wpforms-field-email\" data-field-id=\"29\"><label class=\"wpforms-field-label\" for=\"wpforms-10401-field_29\">E-mail <span class=\"wpforms-required-label\">*<\/span><\/label><input type=\"email\" id=\"wpforms-10401-field_29\" class=\"wpforms-field-large wpforms-field-required\" name=\"wpforms[fields][29]\" spellcheck=\"false\" required><div class=\"wpforms-field-description\">Na tuto e-mailovou adresu obdr\u017e\u00edte na\u0161i odpov\u011b\u010f. Pros\u00edme, ujist\u011bte se, \u017ee jste poskytl\/a platnou e-mailovou\u00a0adresu.<\/div><\/div><\/div><!-- .wpforms-field-container --><div class=\"wpforms-submit-container\" ><input type=\"hidden\" name=\"wpforms[id]\" value=\"10401\"><input type=\"hidden\" name=\"page_title\" value=\"\"><input type=\"hidden\" name=\"page_url\" value=\"https:\/\/eduonlinetrader.com\/cs\/wp-json\/wp\/v2\/pages\/10392\"><input type=\"hidden\" name=\"url_referer\" value=\"\"><button type=\"submit\" name=\"wpforms[submit]\" id=\"wpforms-submit-10401\" class=\"wpforms-submit\" data-alt-text=\"Sending...\" data-submit-text=\"Odeslat\" aria-live=\"assertive\" value=\"wpforms-submit\">Odeslat<\/button><img decoding=\"async\" src=\"https:\/\/eduonlinetrader.com\/wp-content\/plugins\/wpforms\/assets\/images\/submit-spin.svg\" class=\"wpforms-submit-spinner\" style=\"display: none;\" width=\"26\" height=\"26\" alt=\"Na\u010d\u00edt\u00e1n\u00ed\"><\/div><input type=\"hidden\" name=\"trp-form-language\" value=\"cs\"\/><\/form><\/div>  <!-- .wpforms-container -->\t\t\t\t<\/div>\n\t\t\t\t<\/div>\n\t\t\t\t\t<\/div>\n\t\t\t\t<\/div>\n\t\t\t\t<\/div>","protected":false},"excerpt":{"rendered":"<p>Registrace Partnera D\u011bkujeme za v\u00e1\u0161 z\u00e1jem o n\u00e1\u0161 program pro spolupartnery! Pros\u00edm, postupujte podle t\u011bchto krok\u016f: 1. Odpov\u011bzte na ot\u00e1zky. 2. Vypl\u0148te registra\u010dn\u00ed formul\u00e1\u0159. 3. Ode\u0161lete formul\u00e1\u0159. 4. Po odesl\u00e1n\u00ed obdr\u017e\u00edte e-mail s podrobn\u00fdm vysv\u011btlen\u00edm na\u0161eho investi\u010dn\u00edho programu, video p\u0159ehledem a dal\u0161\u00edmi kroky na\u0161\u00ed spolupr\u00e1ce, v\u010detn\u011b podeps\u00e1n\u00ed smlouvy a dal\u0161\u00edch informac\u00ed. Please enable JavaScript in your browser to complete this form. Ot\u00e1zky Jak\u00fd je v\u00e1\u0161 minim\u00e1ln\u00ed c\u00edl m\u011bs\u00ed\u010dn\u00edho p\u0159\u00edjmu z proviz\u00ed? *Na z\u00e1klad\u011b va\u0161eho c\u00edle, jakou \u010d\u00e1stku v\u011b\u0159\u00edte, \u017ee byste m\u011bl\/a p\u0159in\u00e9st spole\u010dnosti na opl\u00e1tku? *Jste v sou\u010dasn\u00e9 dob\u011b zam\u011bstn\u00e1n\/a ve firm\u011b, nebo pracujete jako nez\u00e1visl\u00fd profesion\u00e1l? *Kolik let pracujete v odv\u011btv\u00ed Forex a jak dlouho se specializujete na z\u00edsk\u00e1v\u00e1n\u00ed nov\u00fdch obchodn\u00edk\u016f, IB (introducing brokers), nebo roz\u0161i\u0159ov\u00e1n\u00ed sv\u00e9 s\u00edt\u011b? *Pat\u0159\u00ed s\u00ed\u0165, kterou pou\u017e\u00edv\u00e1te, v\u00e1m osobn\u011b, nebo je sou\u010d\u00e1st\u00ed spole\u010dnosti, pro kterou aktu\u00e1ln\u011b pracujete? *Nab\u00edz\u00edme speci\u00e1ln\u00ed investi\u010dn\u00ed program za 1 000 USD s c\u00edlem 10 000 USD. Kolik jednotek v\u011b\u0159\u00edte, \u017ee dok\u00e1\u017eete m\u011bs\u00ed\u010dn\u011b prodat, a\u0165 u\u017e d\u00edky sv\u00e9mu \u00fasil\u00ed nebo prost\u0159ednictv\u00edm va\u0161\u00ed s\u00edt\u011b? *M\u011bl\/a byste z\u00e1jem z\u00edskat pracovn\u00ed v\u00edzum do Dubaje na z\u00e1klad\u011b smlouvy s p\u0159idan\u00fdm benefitem bankovnictv\u00ed bez dan\u00ed? *Jak\u00fd je v\u00e1\u0161 realistick\u00fd m\u011bs\u00ed\u010dn\u00ed finan\u010dn\u00ed c\u00edl v bl\u00edzk\u00e9 budoucnosti z hlediska proviz\u00ed a jak\u00fd by byl v\u00e1\u0161 ide\u00e1ln\u00ed nebo vysn\u011bn\u00fd\u00a0m\u011bs\u00ed\u010dn\u00ed\u00a0p\u0159\u00edjem? *Je n\u011bco dal\u0161\u00edho, co byste s n\u00e1mi r\u00e1d\/a probral\/a nebo si ujasnil\/a? Registra\u010dn\u00ed Formul\u00e1\u0159 Jm\u00e9no *FirstLastE-mail *Na tuto e-mailovou adresu obdr\u017e\u00edte na\u0161i odpov\u011b\u010f. Pros\u00edme, ujist\u011bte se, \u017ee jste poskytl\/a platnou e-mailovou\u00a0adresu. Odeslat<\/p>","protected":false},"author":1,"featured_media":0,"parent":0,"menu_order":0,"comment_status":"closed","ping_status":"closed","template":"elementor_canvas","meta":{"site-sidebar-layout":"no-sidebar","site-content-layout":"page-builder","ast-site-content-layout":"full-width-container","site-content-style":"default","site-sidebar-style":"default","ast-global-header-display":"","ast-banner-title-visibility":"","ast-main-header-display":"","ast-hfb-above-header-display":"","ast-hfb-below-header-display":"","ast-hfb-mobile-header-display":"","site-post-title":"disabled","ast-breadcrumbs-content":"","ast-featured-img":"disabled","footer-sml-layout":"","theme-transparent-header-meta":"","adv-header-id-meta":"","stick-header-meta":"","header-above-stick-meta":"","header-main-stick-meta":"","header-below-stick-meta":"","astra-migrate-meta-layouts":"set","ast-page-background-enabled":"default","ast-page-background-meta":{"desktop":{"background-color":"var(--ast-global-color-4)","background-image":"","background-repeat":"repeat","background-position":"center center","background-size":"auto","background-attachment":"scroll","background-type":"","background-media":"","overlay-type":"","overlay-color":"","overlay-opacity":"","overlay-gradient":""},"tablet":{"background-color":"","background-image":"","background-repeat":"repeat","background-position":"center center","background-size":"auto","background-attachment":"scroll","background-type":"","background-media":"","overlay-type":"","overlay-color":"","overlay-opacity":"","overlay-gradient":""},"mobile":{"background-color":"","background-image":"","background-repeat":"repeat","background-position":"center center","background-size":"auto","background-attachment":"scroll","background-type":"","background-media":"","overlay-type":"","overlay-color":"","overlay-opacity":"","overlay-gradient":""}},"ast-content-background-meta":{"desktop":{"background-color":"var(--ast-global-color-5)","background-image":"","background-repeat":"repeat","background-position":"center center","background-size":"auto","background-attachment":"scroll","background-type":"","background-media":"","overlay-type":"","overlay-color":"","overlay-opacity":"","overlay-gradient":""},"tablet":{"background-color":"var(--ast-global-color-5)","background-image":"","background-repeat":"repeat","background-position":"center center","background-size":"auto","background-attachment":"scroll","background-type":"","background-media":"","overlay-type":"","overlay-color":"","overlay-opacity":"","overlay-gradient":""},"mobile":{"background-color":"var(--ast-global-color-5)","background-image":"","background-repeat":"repeat","background-position":"center center","background-size":"auto","background-attachment":"scroll","background-type":"","background-media":"","overlay-type":"","overlay-color":"","overlay-opacity":"","overlay-gradient":""}},"footnotes":""},"class_list":["post-10392","page","type-page","status-publish","hentry"],"_links":{"self":[{"href":"https:\/\/eduonlinetrader.com\/cs\/wp-json\/wp\/v2\/pages\/10392","targetHints":{"allow":["GET"]}}],"collection":[{"href":"https:\/\/eduonlinetrader.com\/cs\/wp-json\/wp\/v2\/pages"}],"about":[{"href":"https:\/\/eduonlinetrader.com\/cs\/wp-json\/wp\/v2\/types\/page"}],"author":[{"embeddable":true,"href":"https:\/\/eduonlinetrader.com\/cs\/wp-json\/wp\/v2\/users\/1"}],"replies":[{"embeddable":true,"href":"https:\/\/eduonlinetrader.com\/cs\/wp-json\/wp\/v2\/comments?post=10392"}],"version-history":[{"count":5,"href":"https:\/\/eduonlinetrader.com\/cs\/wp-json\/wp\/v2\/pages\/10392\/revisions"}],"predecessor-version":[{"id":10423,"href":"https:\/\/eduonlinetrader.com\/cs\/wp-json\/wp\/v2\/pages\/10392\/revisions\/10423"}],"wp:attachment":[{"href":"https:\/\/eduonlinetrader.com\/cs\/wp-json\/wp\/v2\/media?parent=10392"}],"curies":[{"name":"wp","href":"https:\/\/api.w.org\/{rel}","templated":true}]}}