{"id":10298,"date":"2024-10-26T18:19:15","date_gmt":"2024-10-26T14:19:15","guid":{"rendered":"https:\/\/eduonlinetrader.com\/?page_id=10298"},"modified":"2024-11-03T13:34:28","modified_gmt":"2024-11-03T09:34:28","slug":"registration","status":"publish","type":"page","link":"https:\/\/eduonlinetrader.com\/cs\/registration\/","title":{"rendered":"Registrace Partnera"},"content":{"rendered":"<div data-elementor-type=\"wp-page\" data-elementor-id=\"10298\" class=\"elementor elementor-10298\" data-elementor-settings=\"{&quot;ha_cmc_init_switcher&quot;:&quot;no&quot;}\" data-elementor-post-type=\"page\">\n\t\t\t\t<div class=\"elementor-element elementor-element-8a0d327 e-flex e-con-boxed wpr-particle-no wpr-jarallax-no wpr-parallax-no wpr-sticky-section-no e-con e-parent\" data-id=\"8a0d327\" data-element_type=\"container\" data-settings=\"{&quot;background_background&quot;:&quot;classic&quot;,&quot;_ha_eqh_enable&quot;:false}\">\n\t\t\t\t\t<div class=\"e-con-inner\">\n\t\t\t\t<div class=\"elementor-element elementor-element-b03b231 elementor-widget elementor-widget-image\" data-id=\"b03b231\" data-element_type=\"widget\" data-widget_type=\"image.default\">\n\t\t\t\t<div class=\"elementor-widget-container\">\n\t\t\t\t\t\t\t\t\t\t\t\t\t\t\t\t<a href=\"https:\/\/eduonlinetrader.com\/cs\/home\/\">\n\t\t\t\t\t\t\t<img fetchpriority=\"high\" decoding=\"async\" width=\"461\" height=\"153\" src=\"https:\/\/eduonlinetrader.com\/wp-content\/uploads\/2023\/05\/cropped-Add_a_heading__6_-removebg-preview-e1727119741540.png\" class=\"attachment-large size-large wp-image-2156\" alt=\"\" srcset=\"https:\/\/eduonlinetrader.com\/wp-content\/uploads\/2023\/05\/cropped-Add_a_heading__6_-removebg-preview-e1727119741540.png 461w, https:\/\/eduonlinetrader.com\/wp-content\/uploads\/2023\/05\/cropped-Add_a_heading__6_-removebg-preview-e1727119741540-300x100.png 300w, https:\/\/eduonlinetrader.com\/wp-content\/uploads\/2023\/05\/cropped-Add_a_heading__6_-removebg-preview-e1727119741540-18x6.png 18w\" sizes=\"(max-width: 461px) 100vw, 461px\" \/>\t\t\t\t\t\t\t\t<\/a>\n\t\t\t\t\t\t\t\t\t\t\t\t\t\t\t<\/div>\n\t\t\t\t<\/div>\n\t\t\t\t\t<\/div>\n\t\t\t\t<\/div>\n\t\t<div class=\"elementor-element elementor-element-0b4c363 e-flex e-con-boxed wpr-particle-no wpr-jarallax-no wpr-parallax-no wpr-sticky-section-no e-con e-parent\" data-id=\"0b4c363\" data-element_type=\"container\" data-settings=\"{&quot;_ha_eqh_enable&quot;:false}\">\n\t\t\t\t\t<div class=\"e-con-inner\">\n\t\t\t\t<div class=\"elementor-element elementor-element-0f9b85a elementor-widget elementor-widget-heading\" data-id=\"0f9b85a\" data-element_type=\"widget\" data-widget_type=\"heading.default\">\n\t\t\t\t<div class=\"elementor-widget-container\">\n\t\t\t\t\t<h3 class=\"elementor-heading-title elementor-size-default\">Registrace Partnera<\/h3>\t\t\t\t<\/div>\n\t\t\t\t<\/div>\n\t\t\t\t\t<\/div>\n\t\t\t\t<\/div>\n\t\t<div class=\"elementor-element elementor-element-d9dcf3c e-grid e-con-boxed wpr-particle-no wpr-jarallax-no wpr-parallax-no wpr-sticky-section-no e-con e-parent\" data-id=\"d9dcf3c\" data-element_type=\"container\" data-settings=\"{&quot;_ha_eqh_enable&quot;:false}\">\n\t\t\t\t\t<div class=\"e-con-inner\">\n\t\t\t\t<div class=\"elementor-element elementor-element-c8ab3e3 elementor-widget elementor-widget-text-editor\" data-id=\"c8ab3e3\" data-element_type=\"widget\" data-widget_type=\"text-editor.default\">\n\t\t\t\t<div class=\"elementor-widget-container\">\n\t\t\t\t\t\t\t\t\t<p><strong>Thank you for your interest in our co-partner program!<\/strong><\/p><p>Pros\u00edm, postupujte podle t\u011bchto krok\u016f:<\/p><ol><li>Answer the <strong>questions<\/strong>.\u00a0<\/li><li>Complete the <strong>Registra\u010dn\u00ed formul\u00e1\u0159<\/strong>.<\/li><li><strong>Submit<\/strong> the Form.<\/li><li>After submission, you will receive an email with a detailed explanation of our investment program, a video overview, and next steps for our collaboration, including contract signing and more.<\/li><\/ol>\t\t\t\t\t\t\t\t<\/div>\n\t\t\t\t<\/div>\n\t\t\t\t<div class=\"elementor-element elementor-element-bd1d549 elementor-widget elementor-widget-wpforms\" data-id=\"bd1d549\" data-element_type=\"widget\" data-widget_type=\"wpforms.default\">\n\t\t\t\t<div class=\"elementor-widget-container\">\n\t\t\t\t\t<div class=\"wpforms-container\" id=\"wpforms-10310\"><form id=\"wpforms-form-10310\" class=\"wpforms-validate wpforms-form wpforms-ajax-form\" data-formid=\"10310\" method=\"post\" enctype=\"multipart\/form-data\" action=\"\/cs\/wp-json\/wp\/v2\/pages\/10298\" data-token=\"6c543976e79b99bf132c1a9cb289820f\" data-token-time=\"1776866061\" data-trp-original-action=\"\/cs\/wp-json\/wp\/v2\/pages\/10298\"><noscript class=\"wpforms-error-noscript\">Chcete-li vyplnit tento formul\u00e1\u0159, pros\u00edm povolte v prohl\u00ed\u017ee\u010di JavaScript.<\/noscript><div class=\"wpforms-field-container\"><div id=\"wpforms-10310-field_30-container\" class=\"wpforms-field wpforms-field-divider\" data-field-id=\"30\"><h3 id=\"wpforms-10310-field_30\">Questions<\/h3><\/div><div id=\"wpforms-10310-field_19-container\" class=\"wpforms-field wpforms-field-textarea\" data-field-id=\"19\"><label class=\"wpforms-field-label\" for=\"wpforms-10310-field_19\">What is your minimum target for monthly income in terms of commissions? <span class=\"wpforms-required-label\">*<\/span><\/label><textarea id=\"wpforms-10310-field_19\" class=\"wpforms-field-small wpforms-field-required\" name=\"wpforms[fields][19]\" required><\/textarea><\/div><div id=\"wpforms-10310-field_20-container\" class=\"wpforms-field wpforms-field-textarea\" data-field-id=\"20\"><label class=\"wpforms-field-label\" for=\"wpforms-10310-field_20\">Based on your target, what amount do you believe you should bring to the company in return? <span class=\"wpforms-required-label\">*<\/span><\/label><textarea id=\"wpforms-10310-field_20\" class=\"wpforms-field-small wpforms-field-required\" name=\"wpforms[fields][20]\" required><\/textarea><\/div><div id=\"wpforms-10310-field_21-container\" class=\"wpforms-field wpforms-field-textarea\" data-field-id=\"21\"><label class=\"wpforms-field-label\" for=\"wpforms-10310-field_21\">Are you currently employed by a company or working as an independent professional? <span class=\"wpforms-required-label\">*<\/span><\/label><textarea id=\"wpforms-10310-field_21\" class=\"wpforms-field-small wpforms-field-required\" name=\"wpforms[fields][21]\" required><\/textarea><\/div><div id=\"wpforms-10310-field_22-container\" class=\"wpforms-field wpforms-field-textarea\" data-field-id=\"22\"><label class=\"wpforms-field-label\" for=\"wpforms-10310-field_22\">How many years have you been in the Forex industry, and how long have you specialised in attracting new traders, IBs, or expanding your network? <span class=\"wpforms-required-label\">*<\/span><\/label><textarea id=\"wpforms-10310-field_22\" class=\"wpforms-field-small wpforms-field-required\" name=\"wpforms[fields][22]\" required><\/textarea><\/div><div id=\"wpforms-10310-field_23-container\" class=\"wpforms-field wpforms-field-textarea\" data-field-id=\"23\"><label class=\"wpforms-field-label\" for=\"wpforms-10310-field_23\">Does the network you use belong to you personally, or is it part of the company you currently work for? <span class=\"wpforms-required-label\">*<\/span><\/label><textarea id=\"wpforms-10310-field_23\" class=\"wpforms-field-small wpforms-field-required\" name=\"wpforms[fields][23]\" required><\/textarea><\/div><div id=\"wpforms-10310-field_24-container\" class=\"wpforms-field wpforms-field-textarea\" data-field-id=\"24\"><label class=\"wpforms-field-label\" for=\"wpforms-10310-field_24\">We offer a special $1,000 investment program with a $10,000 goal. How many units do you believe you can sell monthly, either through your efforts or your network? <span class=\"wpforms-required-label\">*<\/span><\/label><textarea id=\"wpforms-10310-field_24\" class=\"wpforms-field-small wpforms-field-required\" name=\"wpforms[fields][24]\" required><\/textarea><\/div><div id=\"wpforms-10310-field_25-container\" class=\"wpforms-field wpforms-field-textarea\" data-field-id=\"25\"><label class=\"wpforms-field-label\" for=\"wpforms-10310-field_25\">Would you be interested in obtaining a Dubai working visa under a contract, with the added benefit of tax-free banking? <span class=\"wpforms-required-label\">*<\/span><\/label><textarea id=\"wpforms-10310-field_25\" class=\"wpforms-field-small wpforms-field-required\" name=\"wpforms[fields][25]\" required><\/textarea><\/div><div id=\"wpforms-10310-field_26-container\" class=\"wpforms-field wpforms-field-textarea\" data-field-id=\"26\"><label class=\"wpforms-field-label\" for=\"wpforms-10310-field_26\">What is your realistic monthly financial goal in the near future in terms of commissions, and what would be your ideal or dream monthly income? <span class=\"wpforms-required-label\">*<\/span><\/label><textarea id=\"wpforms-10310-field_26\" class=\"wpforms-field-small wpforms-field-required\" name=\"wpforms[fields][26]\" required><\/textarea><\/div><div id=\"wpforms-10310-field_27-container\" class=\"wpforms-field wpforms-field-textarea\" data-field-id=\"27\"><label class=\"wpforms-field-label\" for=\"wpforms-10310-field_27\">Is there anything more you&#039;d like to discuss or clarify with us?<\/label><textarea id=\"wpforms-10310-field_27\" class=\"wpforms-field-small\" name=\"wpforms[fields][27]\" ><\/textarea><\/div><div id=\"wpforms-10310-field_31-container\" class=\"wpforms-field wpforms-field-divider\" data-field-id=\"31\"><h3 id=\"wpforms-10310-field_31\">Registra\u010dn\u00ed formul\u00e1\u0159<\/h3><\/div><div id=\"wpforms-10310-field_28-container\" class=\"wpforms-field wpforms-field-name\" data-field-id=\"28\"><label class=\"wpforms-field-label\">Jm\u00e9no <span class=\"wpforms-required-label\">*<\/span><\/label><div class=\"wpforms-field-row wpforms-field-large\"><div class=\"wpforms-field-row-block wpforms-first wpforms-one-half\"><input type=\"text\" id=\"wpforms-10310-field_28\" class=\"wpforms-field-name-first wpforms-field-required\" name=\"wpforms[fields][28][first]\" required><label for=\"wpforms-10310-field_28\" class=\"wpforms-field-sublabel after\">K\u0159estn\u00ed jm\u00e9no<\/label><\/div><div class=\"wpforms-field-row-block wpforms-one-half\"><input type=\"text\" id=\"wpforms-10310-field_28-last\" class=\"wpforms-field-name-last wpforms-field-required\" name=\"wpforms[fields][28][last]\" required><label for=\"wpforms-10310-field_28-last\" class=\"wpforms-field-sublabel after\">P\u0159\u00edjmen\u00ed<\/label><\/div><\/div><\/div><div id=\"wpforms-10310-field_29-container\" class=\"wpforms-field wpforms-field-email\" data-field-id=\"29\"><label class=\"wpforms-field-label\" for=\"wpforms-10310-field_29\">Email <span class=\"wpforms-required-label\">*<\/span><\/label><input type=\"email\" id=\"wpforms-10310-field_29\" class=\"wpforms-field-large wpforms-field-required\" name=\"wpforms[fields][29]\" spellcheck=\"false\" required><div class=\"wpforms-field-description\">You will receive our response at this email address. Kindly ensure that a valid address has been provided.<\/div><\/div><\/div><!-- .wpforms-field-container --><div class=\"wpforms-submit-container\" ><input type=\"hidden\" name=\"wpforms[id]\" value=\"10310\"><input type=\"hidden\" name=\"page_title\" value=\"\"><input type=\"hidden\" name=\"page_url\" value=\"https:\/\/eduonlinetrader.com\/cs\/wp-json\/wp\/v2\/pages\/10298\"><input type=\"hidden\" name=\"url_referer\" value=\"\"><button type=\"submit\" name=\"wpforms[submit]\" id=\"wpforms-submit-10310\" class=\"wpforms-submit\" data-alt-text=\"Sending...\" data-submit-text=\"Submit\" aria-live=\"assertive\" value=\"wpforms-submit\">Submit<\/button><img decoding=\"async\" src=\"https:\/\/eduonlinetrader.com\/wp-content\/plugins\/wpforms\/assets\/images\/submit-spin.svg\" class=\"wpforms-submit-spinner\" style=\"display: none;\" width=\"26\" height=\"26\" alt=\"Na\u010d\u00edt\u00e1n\u00ed\"><\/div><input type=\"hidden\" name=\"trp-form-language\" value=\"cs\"\/><\/form><\/div>  <!-- .wpforms-container -->\t\t\t\t<\/div>\n\t\t\t\t<\/div>\n\t\t\t\t\t<\/div>\n\t\t\t\t<\/div>\n\t\t\t\t<\/div>","protected":false},"excerpt":{"rendered":"<p>Partner Registration Thank you for your interest in our co-partner program! Please follow these steps: Answer the questions.\u00a0 Complete the Registration Form. Submit the Form. After submission, you will receive an email with a detailed explanation of our investment program, a video overview, and next steps for our collaboration, including contract signing and more. Please enable JavaScript in your browser to complete this form. Questions What is your minimum target for monthly income in terms of commissions? *Based on your target, what amount do you believe you should bring to the company in return? *Are you currently employed by a company or working as an independent professional? *How many years have you been in the Forex industry, and how long have you specialised in attracting new traders, IBs, or expanding your network? *Does the network you use belong to you personally, or is it part of the company you currently work for? *We offer a special $1,000 investment program with a $10,000 goal. How many units do you believe you can sell monthly, either through your efforts or your network? *Would you be interested in obtaining a Dubai working visa under a contract, with the added benefit of tax-free banking? *What is your realistic monthly financial goal in the near future in terms of commissions, and what would be your ideal or dream monthly income? *Is there anything more you&#039;d like to discuss or clarify with us? Registration Form Name *FirstLastEmail *You will receive our response at this email address. Kindly ensure that a valid address has been provided. Submit<\/p>","protected":false},"author":1,"featured_media":0,"parent":0,"menu_order":0,"comment_status":"closed","ping_status":"closed","template":"elementor_canvas","meta":{"site-sidebar-layout":"no-sidebar","site-content-layout":"page-builder","ast-site-content-layout":"full-width-container","site-content-style":"default","site-sidebar-style":"default","ast-global-header-display":"","ast-banner-title-visibility":"","ast-main-header-display":"","ast-hfb-above-header-display":"","ast-hfb-below-header-display":"","ast-hfb-mobile-header-display":"","site-post-title":"disabled","ast-breadcrumbs-content":"","ast-featured-img":"disabled","footer-sml-layout":"","theme-transparent-header-meta":"","adv-header-id-meta":"","stick-header-meta":"","header-above-stick-meta":"","header-main-stick-meta":"","header-below-stick-meta":"","astra-migrate-meta-layouts":"set","ast-page-background-enabled":"default","ast-page-background-meta":{"desktop":{"background-color":"var(--ast-global-color-4)","background-image":"","background-repeat":"repeat","background-position":"center center","background-size":"auto","background-attachment":"scroll","background-type":"","background-media":"","overlay-type":"","overlay-color":"","overlay-opacity":"","overlay-gradient":""},"tablet":{"background-color":"","background-image":"","background-repeat":"repeat","background-position":"center center","background-size":"auto","background-attachment":"scroll","background-type":"","background-media":"","overlay-type":"","overlay-color":"","overlay-opacity":"","overlay-gradient":""},"mobile":{"background-color":"","background-image":"","background-repeat":"repeat","background-position":"center center","background-size":"auto","background-attachment":"scroll","background-type":"","background-media":"","overlay-type":"","overlay-color":"","overlay-opacity":"","overlay-gradient":""}},"ast-content-background-meta":{"desktop":{"background-color":"var(--ast-global-color-5)","background-image":"","background-repeat":"repeat","background-position":"center center","background-size":"auto","background-attachment":"scroll","background-type":"","background-media":"","overlay-type":"","overlay-color":"","overlay-opacity":"","overlay-gradient":""},"tablet":{"background-color":"var(--ast-global-color-5)","background-image":"","background-repeat":"repeat","background-position":"center center","background-size":"auto","background-attachment":"scroll","background-type":"","background-media":"","overlay-type":"","overlay-color":"","overlay-opacity":"","overlay-gradient":""},"mobile":{"background-color":"var(--ast-global-color-5)","background-image":"","background-repeat":"repeat","background-position":"center center","background-size":"auto","background-attachment":"scroll","background-type":"","background-media":"","overlay-type":"","overlay-color":"","overlay-opacity":"","overlay-gradient":""}},"footnotes":""},"class_list":["post-10298","page","type-page","status-publish","hentry"],"_links":{"self":[{"href":"https:\/\/eduonlinetrader.com\/cs\/wp-json\/wp\/v2\/pages\/10298","targetHints":{"allow":["GET"]}}],"collection":[{"href":"https:\/\/eduonlinetrader.com\/cs\/wp-json\/wp\/v2\/pages"}],"about":[{"href":"https:\/\/eduonlinetrader.com\/cs\/wp-json\/wp\/v2\/types\/page"}],"author":[{"embeddable":true,"href":"https:\/\/eduonlinetrader.com\/cs\/wp-json\/wp\/v2\/users\/1"}],"replies":[{"embeddable":true,"href":"https:\/\/eduonlinetrader.com\/cs\/wp-json\/wp\/v2\/comments?post=10298"}],"version-history":[{"count":5,"href":"https:\/\/eduonlinetrader.com\/cs\/wp-json\/wp\/v2\/pages\/10298\/revisions"}],"predecessor-version":[{"id":10418,"href":"https:\/\/eduonlinetrader.com\/cs\/wp-json\/wp\/v2\/pages\/10298\/revisions\/10418"}],"wp:attachment":[{"href":"https:\/\/eduonlinetrader.com\/cs\/wp-json\/wp\/v2\/media?parent=10298"}],"curies":[{"name":"wp","href":"https:\/\/api.w.org\/{rel}","templated":true}]}}