{"id":10059,"date":"2024-10-05T18:56:46","date_gmt":"2024-10-05T14:56:46","guid":{"rendered":"https:\/\/eduonlinetrader.com\/?page_id=10059"},"modified":"2024-10-06T23:31:28","modified_gmt":"2024-10-06T19:31:28","slug":"smlouva","status":"publish","type":"page","link":"https:\/\/eduonlinetrader.com\/cs\/smlouva\/","title":{"rendered":"Smlouva"},"content":{"rendered":"<div data-elementor-type=\"wp-page\" data-elementor-id=\"10059\" class=\"elementor elementor-10059\" data-elementor-settings=\"{&quot;ha_cmc_init_switcher&quot;:&quot;no&quot;}\" data-elementor-post-type=\"page\">\n\t\t\t\t<div class=\"elementor-element elementor-element-dff40e9 e-flex e-con-boxed wpr-particle-no wpr-jarallax-no wpr-parallax-no wpr-sticky-section-no e-con e-parent\" data-id=\"dff40e9\" data-element_type=\"container\" data-settings=\"{&quot;background_background&quot;:&quot;classic&quot;,&quot;_ha_eqh_enable&quot;:false}\">\n\t\t\t\t\t<div class=\"e-con-inner\">\n\t\t\t\t<div class=\"elementor-element elementor-element-5ac2a07 elementor-widget elementor-widget-image\" data-id=\"5ac2a07\" data-element_type=\"widget\" data-widget_type=\"image.default\">\n\t\t\t\t<div class=\"elementor-widget-container\">\n\t\t\t\t\t\t\t\t\t\t\t\t\t\t\t\t<a href=\"https:\/\/eduonlinetrader.com\/cs\/home\/\">\n\t\t\t\t\t\t\t<img fetchpriority=\"high\" decoding=\"async\" width=\"461\" height=\"153\" src=\"https:\/\/eduonlinetrader.com\/wp-content\/uploads\/2023\/05\/cropped-Add_a_heading__6_-removebg-preview-e1727119741540.png\" class=\"attachment-large size-large wp-image-2156\" alt=\"\" srcset=\"https:\/\/eduonlinetrader.com\/wp-content\/uploads\/2023\/05\/cropped-Add_a_heading__6_-removebg-preview-e1727119741540.png 461w, https:\/\/eduonlinetrader.com\/wp-content\/uploads\/2023\/05\/cropped-Add_a_heading__6_-removebg-preview-e1727119741540-300x100.png 300w, https:\/\/eduonlinetrader.com\/wp-content\/uploads\/2023\/05\/cropped-Add_a_heading__6_-removebg-preview-e1727119741540-18x6.png 18w\" sizes=\"(max-width: 461px) 100vw, 461px\" \/>\t\t\t\t\t\t\t\t<\/a>\n\t\t\t\t\t\t\t\t\t\t\t\t\t\t\t<\/div>\n\t\t\t\t<\/div>\n\t\t\t\t\t<\/div>\n\t\t\t\t<\/div>\n\t\t<div class=\"elementor-element elementor-element-a63e6b5 e-flex e-con-boxed wpr-particle-no wpr-jarallax-no wpr-parallax-no wpr-sticky-section-no e-con e-parent\" data-id=\"a63e6b5\" data-element_type=\"container\" data-settings=\"{&quot;_ha_eqh_enable&quot;:false}\">\n\t\t\t\t\t<div class=\"e-con-inner\">\n\t\t<div class=\"elementor-element elementor-element-ab91015 e-con-full e-flex wpr-particle-no wpr-jarallax-no wpr-parallax-no wpr-sticky-section-no e-con e-child\" data-id=\"ab91015\" data-element_type=\"container\" data-settings=\"{&quot;_ha_eqh_enable&quot;:false}\">\n\t\t\t\t<div class=\"elementor-element elementor-element-11e1023 elementor-widget elementor-widget-heading\" data-id=\"11e1023\" data-element_type=\"widget\" data-widget_type=\"heading.default\">\n\t\t\t\t<div class=\"elementor-widget-container\">\n\t\t\t\t\t<h4 class=\"elementor-heading-title elementor-size-default\">Smlouva o investi\u010dn\u00edm programu<\/h4>\t\t\t\t<\/div>\n\t\t\t\t<\/div>\n\t\t\t\t<div class=\"elementor-element elementor-element-eb33300 elementor-widget elementor-widget-text-editor\" data-id=\"eb33300\" data-element_type=\"widget\" data-widget_type=\"text-editor.default\">\n\t\t\t\t<div class=\"elementor-widget-container\">\n\t\t\t\t\t\t\t\t\t<p>1.P\u0159e\u010dtet\u011bte si pozorn\u011b Smlouvu<\/p><p>2.Vypl\u0148te formul\u00e1\u0159<\/p><p>3.Podepi\u0161te Smlouvu<\/p>\t\t\t\t\t\t\t\t<\/div>\n\t\t\t\t<\/div>\n\t\t\t\t<div class=\"elementor-element elementor-element-4a24a9e elementor-align-center elementor-widget elementor-widget-button\" data-id=\"4a24a9e\" data-element_type=\"widget\" data-widget_type=\"button.default\">\n\t\t\t\t<div class=\"elementor-widget-container\">\n\t\t\t\t\t\t\t\t\t<div class=\"elementor-button-wrapper\">\n\t\t\t\t\t<a class=\"elementor-button elementor-button-link elementor-size-sm\" href=\"#elementor-action%3Aaction%3Dpopup%3Aopen%26settings%3DeyJpZCI6IjEwMDg1IiwidG9nZ2xlIjpmYWxzZX0%3D\">\n\t\t\t\t\t\t<span class=\"elementor-button-content-wrapper\">\n\t\t\t\t\t\t\t\t\t<span class=\"elementor-button-text\">Smlouva - klikn\u011bte zde<\/span>\n\t\t\t\t\t<\/span>\n\t\t\t\t\t<\/a>\n\t\t\t\t<\/div>\n\t\t\t\t\t\t\t\t<\/div>\n\t\t\t\t<\/div>\n\t\t\t\t<\/div>\n\t\t<div class=\"elementor-element elementor-element-459b75d e-con-full e-flex wpr-particle-no wpr-jarallax-no wpr-parallax-no wpr-sticky-section-no e-con e-child\" data-id=\"459b75d\" data-element_type=\"container\" data-settings=\"{&quot;_ha_eqh_enable&quot;:false}\">\n\t\t\t\t<div class=\"elementor-element elementor-element-a938ef7 elementor-widget elementor-widget-shortcode\" data-id=\"a938ef7\" data-element_type=\"widget\" data-widget_type=\"shortcode.default\">\n\t\t\t\t<div class=\"elementor-widget-container\">\n\t\t\t\t\t\t\t<div class=\"elementor-shortcode\">\n<div class=\"wpcf7 no-js\" id=\"wpcf7-f10069-o1\" lang=\"en-US\" dir=\"ltr\" data-wpcf7-id=\"10069\">\n<div class=\"screen-reader-response\"><p role=\"status\" aria-live=\"polite\" aria-atomic=\"true\"><\/p> <ul><\/ul><\/div>\n<form action=\"\/cs\/wp-json\/wp\/v2\/pages\/10059#wpcf7-f10069-o1\" method=\"post\" class=\"wpcf7-form init\" aria-label=\"Contact form\" novalidate=\"novalidate\" data-status=\"init\" data-trp-original-action=\"\/cs\/wp-json\/wp\/v2\/pages\/10059#wpcf7-f10069-o1\">\n<div style=\"display: none;\">\n<input type=\"hidden\" name=\"_wpcf7\" value=\"10069\" \/>\n<input type=\"hidden\" name=\"_wpcf7_version\" value=\"6.0.4\" \/>\n<input type=\"hidden\" name=\"_wpcf7_locale\" value=\"en_US\" \/>\n<input type=\"hidden\" name=\"_wpcf7_unit_tag\" value=\"wpcf7-f10069-o1\" \/>\n<input type=\"hidden\" name=\"_wpcf7_container_post\" value=\"0\" \/>\n<input type=\"hidden\" name=\"_wpcf7_posted_data_hash\" value=\"\" \/>\n<\/div>\n<p><label for=\"first-name\">Jm\u00e9no:<\/label><br \/>\n<span class=\"wpcf7-form-control-wrap\" data-name=\"first-name\"><input size=\"40\" maxlength=\"400\" class=\"wpcf7-form-control wpcf7-text wpcf7-validates-as-required\" id=\"first-name\" aria-required=\"true\" aria-invalid=\"false\" placeholder=\"Jm\u00e9no\" value=\"\" type=\"text\" name=\"first-name\" \/><\/span>\n<\/p>\n<p><label for=\"last-name\">P\u0159\u00edjmen\u00ed:<\/label><br \/>\n<span class=\"wpcf7-form-control-wrap\" data-name=\"last-name\"><input size=\"40\" maxlength=\"400\" class=\"wpcf7-form-control wpcf7-text wpcf7-validates-as-required\" id=\"last-name\" aria-required=\"true\" aria-invalid=\"false\" placeholder=\"P\u0159\u00edjmen\u00ed\" value=\"\" type=\"text\" name=\"last-name\" \/><\/span>\n<\/p>\n<p><label for=\"date-of-birth\">Datum narozen\u00ed:<\/label><br \/>\n<span class=\"wpcf7-form-control-wrap\" data-name=\"date-of-birth\"><input class=\"wpcf7-form-control wpcf7-date wpcf7-validates-as-required wpcf7-validates-as-date\" aria-required=\"true\" aria-invalid=\"false\" value=\"\" type=\"date\" name=\"date-of-birth\" \/><\/span>\n<\/p>\n<p><label for=\"email-address\">Email Adresa:<\/label><br \/>\n<span class=\"wpcf7-form-control-wrap\" data-name=\"email-address\"><input size=\"40\" maxlength=\"400\" class=\"wpcf7-form-control wpcf7-email wpcf7-validates-as-required wpcf7-text wpcf7-validates-as-email\" id=\"email-address\" aria-required=\"true\" aria-invalid=\"false\" placeholder=\"Email Adresa\" value=\"\" type=\"email\" name=\"email-address\" \/><\/span>\n<\/p>\n<p><label for=\"phone-number\">Mobil:<\/label><br \/>\n<span class=\"wpcf7-form-control-wrap\" data-name=\"phone-number\"><input size=\"40\" maxlength=\"400\" class=\"wpcf7-form-control wpcf7-tel wpcf7-validates-as-required wpcf7-text wpcf7-validates-as-tel\" id=\"phone-number\" aria-required=\"true\" aria-invalid=\"false\" placeholder=\"Mobiln\u00ed \u010d\u00edslo\" value=\"\" type=\"tel\" name=\"phone-number\" \/><\/span>\n<\/p>\n<p><label for=\"program-fee\">Hodnota Programu:<\/label><br \/>\n<span class=\"wpcf7-form-control-wrap\" data-name=\"program-fee\"><input class=\"wpcf7-form-control wpcf7-number wpcf7-validates-as-required wpcf7-validates-as-number\" min=\"1000\" aria-required=\"true\" aria-invalid=\"false\" placeholder=\"1000\" value=\"\" type=\"number\" name=\"program-fee\" \/><\/span>\n<\/p>\n<p><label for=\"salesman-name\">Obchodn\u00ed z\u00e1stupce:<\/label><br \/>\n<span class=\"wpcf7-form-control-wrap\" data-name=\"salesman-name\"><input size=\"40\" maxlength=\"400\" class=\"wpcf7-form-control wpcf7-text wpcf7-validates-as-required\" id=\"salesman-name\" aria-required=\"true\" aria-invalid=\"false\" placeholder=\"Obchodn\u00ed z\u00e1stupce\" value=\"\" type=\"text\" name=\"salesman-name\" \/><\/span>\n<\/p>\n<p><label for=\"payment-by\">Zp\u016fsob platby:<\/label><br \/>\n<span class=\"wpcf7-form-control-wrap\" data-name=\"payment-by\"><span class=\"wpcf7-form-control wpcf7-radio\"><span class=\"wpcf7-list-item first\"><input type=\"radio\" name=\"payment-by\" value=\"Card\" \/><span class=\"wpcf7-list-item-label\">Card<\/span><\/span><span class=\"wpcf7-list-item last\"><input type=\"radio\" name=\"payment-by\" value=\"Bank Transfer\" \/><span class=\"wpcf7-list-item-label\">Bank Transfer<\/span><\/span><\/span><\/span>\n<\/p>\n<p><label for=\"signature\">Pros\u00edm, podepi\u0161te se v pol\u00ed\u010dku:<\/label><br \/>\n<div class=\"dscf7_signature\">\n\t\t\t<div class=\"dscf7_signature_inner\">\n\t\t\t\t<canvas id=\"digital_signature-pad_main_sign\" name=\"main_sign\" class=\"digital_signature-pad\" color=\"#0000FF\" backcolor=\"#ffffff\" width=\"200\" height=\"75\"><\/canvas>\n\t\t\t\t<input class=\"clearButton\" type=\"button\" value=\"+\">\n\t\t\t<\/div>\n\t\t\t<span class=\"wpcf7-form-control-wrap main_sign\" data-name=\"main_sign\">\n\t\t\t\t<input class=\"wpcf7-form-control wpcf7-signature wpcf7-validates-as-required wpcf7-validates-as-signature signature_box dscf7-signature\" value=\"\" type=\"hidden\" name=\"main_sign\"\/>\n\t\t\t\t<input type=\"hidden\" name=\"main_sign-attachment\" class=\"wpcf7_input_main_sign_attachment\"\/>\n\t\t\t\t<input type=\"hidden\" name=\"main_sign-inline\" class=\"wpcf7_input_main_sign_inline\"\/>\n\t\t\t<\/span>\n\t\t<\/div>\n<\/p>\n<p><span class=\"wpcf7-form-control-wrap\" data-name=\"acceptance-216\"><span class=\"wpcf7-form-control wpcf7-acceptance\"><span class=\"wpcf7-list-item\"><label><input type=\"checkbox\" name=\"acceptance-216\" value=\"1\" aria-invalid=\"false\" \/><span class=\"wpcf7-list-item-label\">P\u0159e\u010detl\/a jsem si a souhlas\u00edm s <a href=\"https:\/\/eduonlinetrader.com\/cs\/terms-and-conditions\/\">obchodn\u00edmi podm\u00ednkami.<\/a><\/span><\/label><\/span><\/span><\/span>\n<\/p>\n<p><label for=\"agreement-date\">Dne\u0161n\u00ed datum:<\/label><br \/>\n<span class=\"wpcf7-form-control-wrap\" data-name=\"agreement-date\"><input class=\"wpcf7-form-control wpcf7-date wpcf7-validates-as-required wpcf7-validates-as-date\" id=\"agreement-date\" aria-required=\"true\" aria-invalid=\"false\" value=\"\" type=\"date\" name=\"agreement-date\" \/><\/span>\n<\/p>\n<p><input class=\"wpcf7-form-control wpcf7-submit has-spinner\" type=\"submit\" value=\"Odeslat\" \/>\n<\/p><div class=\"wpcf7-response-output\" aria-hidden=\"true\"><\/div>\n<input type=\"hidden\" name=\"trp-form-language\" value=\"cs\"\/><\/form>\n<\/div>\n<\/div>\n\t\t\t\t\t\t<\/div>\n\t\t\t\t<\/div>\n\t\t\t\t<\/div>\n\t\t\t\t\t<\/div>\n\t\t\t\t<\/div>\n\t\t\t\t<\/div>","protected":false},"excerpt":{"rendered":"<p>Smlouva o investi\u010dn\u00edm programu 1.P\u0159e\u010dtet\u011bte si pozorn\u011b Smlouvu 2.Vypl\u0148te formul\u00e1\u0159 3.Podepi\u0161te Smlouvu Smlouva &#8211; klikn\u011bte zde<\/p>","protected":false},"author":1,"featured_media":0,"parent":0,"menu_order":0,"comment_status":"closed","ping_status":"closed","template":"elementor_canvas","meta":{"site-sidebar-layout":"no-sidebar","site-content-layout":"page-builder","ast-site-content-layout":"full-width-container","site-content-style":"default","site-sidebar-style":"default","ast-global-header-display":"","ast-banner-title-visibility":"","ast-main-header-display":"","ast-hfb-above-header-display":"","ast-hfb-below-header-display":"","ast-hfb-mobile-header-display":"","site-post-title":"disabled","ast-breadcrumbs-content":"","ast-featured-img":"disabled","footer-sml-layout":"","theme-transparent-header-meta":"","adv-header-id-meta":"","stick-header-meta":"","header-above-stick-meta":"","header-main-stick-meta":"","header-below-stick-meta":"","astra-migrate-meta-layouts":"set","ast-page-background-enabled":"default","ast-page-background-meta":{"desktop":{"background-color":"var(--ast-global-color-4)","background-image":"","background-repeat":"repeat","background-position":"center center","background-size":"auto","background-attachment":"scroll","background-type":"","background-media":"","overlay-type":"","overlay-color":"","overlay-opacity":"","overlay-gradient":""},"tablet":{"background-color":"","background-image":"","background-repeat":"repeat","background-position":"center center","background-size":"auto","background-attachment":"scroll","background-type":"","background-media":"","overlay-type":"","overlay-color":"","overlay-opacity":"","overlay-gradient":""},"mobile":{"background-color":"","background-image":"","background-repeat":"repeat","background-position":"center center","background-size":"auto","background-attachment":"scroll","background-type":"","background-media":"","overlay-type":"","overlay-color":"","overlay-opacity":"","overlay-gradient":""}},"ast-content-background-meta":{"desktop":{"background-color":"var(--ast-global-color-5)","background-image":"","background-repeat":"repeat","background-position":"center center","background-size":"auto","background-attachment":"scroll","background-type":"","background-media":"","overlay-type":"","overlay-color":"","overlay-opacity":"","overlay-gradient":""},"tablet":{"background-color":"var(--ast-global-color-5)","background-image":"","background-repeat":"repeat","background-position":"center center","background-size":"auto","background-attachment":"scroll","background-type":"","background-media":"","overlay-type":"","overlay-color":"","overlay-opacity":"","overlay-gradient":""},"mobile":{"background-color":"var(--ast-global-color-5)","background-image":"","background-repeat":"repeat","background-position":"center center","background-size":"auto","background-attachment":"scroll","background-type":"","background-media":"","overlay-type":"","overlay-color":"","overlay-opacity":"","overlay-gradient":""}},"footnotes":""},"class_list":["post-10059","page","type-page","status-publish","hentry"],"_links":{"self":[{"href":"https:\/\/eduonlinetrader.com\/cs\/wp-json\/wp\/v2\/pages\/10059","targetHints":{"allow":["GET"]}}],"collection":[{"href":"https:\/\/eduonlinetrader.com\/cs\/wp-json\/wp\/v2\/pages"}],"about":[{"href":"https:\/\/eduonlinetrader.com\/cs\/wp-json\/wp\/v2\/types\/page"}],"author":[{"embeddable":true,"href":"https:\/\/eduonlinetrader.com\/cs\/wp-json\/wp\/v2\/users\/1"}],"replies":[{"embeddable":true,"href":"https:\/\/eduonlinetrader.com\/cs\/wp-json\/wp\/v2\/comments?post=10059"}],"version-history":[{"count":6,"href":"https:\/\/eduonlinetrader.com\/cs\/wp-json\/wp\/v2\/pages\/10059\/revisions"}],"predecessor-version":[{"id":10512,"href":"https:\/\/eduonlinetrader.com\/cs\/wp-json\/wp\/v2\/pages\/10059\/revisions\/10512"}],"wp:attachment":[{"href":"https:\/\/eduonlinetrader.com\/cs\/wp-json\/wp\/v2\/media?parent=10059"}],"curies":[{"name":"wp","href":"https:\/\/api.w.org\/{rel}","templated":true}]}}